{"id":134,"date":"2022-04-21T15:40:36","date_gmt":"2022-04-21T15:40:36","guid":{"rendered":"http:\/\/www.angelastoeger.com\/?page_id=134"},"modified":"2025-11-28T06:49:34","modified_gmt":"2025-11-28T06:49:34","slug":"weiterbildung","status":"publish","type":"page","link":"https:\/\/www.angelastoeger.com\/en\/weiterbildung\/","title":{"rendered":"Weiterbildung"},"content":{"rendered":"<div class=\"vcnt\"><span data-mce-type=\"bookmark\" style=\"display: inline-block; width: 0px; overflow: hidden; line-height: 0;\" class=\"mce_SELRES_start\">\ufeff<\/span><\/p>\n<div class=\"row\">\n<h4 class=\"col-md-12\"><strong>MENTORING PROGRAMM F\u00dcR POSTDOCS<\/strong><\/h4>\n<div class=\"col-md-12\">2015-2016 Universit\u00e4t Wien<br \/>\nVerhandlungstraining, Konfliktmanagement, Pr\u00e4sentations- und Kommunikationstechnik<\/div>\n<div><\/div>\n<\/div>\n<div class=\"row\">\n<h4 class=\"col-md-12\"><strong>CHICKENCAMP EXTREM<\/strong><\/h4>\n<div class=\"col-md-12\">2015 Animal Training Center<br \/>\nTiertraining mittels positiver Best\u00e4rkung<br \/>\nTheorie und Praxis<\/div>\n<div><\/div>\n<\/div>\n<div class=\"row\">\n<h4 class=\"col-md-12\"><strong>BERUFUNGSTRAINING:STRATEGIEBILDUNG<\/strong><\/h4>\n<div class=\"col-md-12\">2015 Universit\u00e4t Wien<br \/>\nHearings (Videoanalyse), Personalstruktur im Wissenschaftssystem im In- und Ausland<\/div>\n<div><\/div>\n<\/div>\n<div class=\"row\">\n<h4 class=\"col-md-12\"><strong>ERFOLGREICH IN EXZELLENZPROGRAMMEN<\/strong><\/h4>\n<div class=\"col-md-12\">2014 FWF der Wissenschaftsfonds<br \/>\nPlanung\/Verfassen von Antr\u00e4gen f\u00fcr h\u00f6chstkompetitive F\u00f6rderprogramme (European Research Council Grants)<\/div>\n<div><\/div>\n<\/div>\n<div class=\"row\">\n<h4 class=\"col-md-12\"><strong>PROJEKTMANAGEMENT \/ VERHANDLUNGSTRAINING<\/strong><\/h4>\n<div class=\"col-md-12\">2003 Universit\u00e4t Wien<br \/>\nTeams f\u00fchren und leiten, Argumentation, Kostenkalkulation\/Finanzierung<\/div>\n<\/div>\n<\/div>\n","protected":false},"excerpt":{"rendered":"<p>\ufeff MENTORING PROGRAMM F\u00dcR POSTDOCS 2015-2016 Universit\u00e4t Wien Verhandlungstraining, Konfliktmanagement, Pr\u00e4sentations- und Kommunikationstechnik CHICKENCAMP EXTREM 2015 Animal Training Center Tiertraining mittels positiver Best\u00e4rkung Theorie und Praxis BERUFUNGSTRAINING:STRATEGIEBILDUNG 2015 Universit\u00e4t Wien Hearings (Videoanalyse), Personalstruktur im Wissenschaftssystem im In- und Ausland ERFOLGREICH IN EXZELLENZPROGRAMMEN 2014 FWF der Wissenschaftsfonds Planung\/Verfassen von Antr\u00e4gen f\u00fcr h\u00f6chstkompetitive F\u00f6rderprogramme (European Research Council [&hellip;]<\/p>\n","protected":false},"author":1,"featured_media":0,"parent":0,"menu_order":0,"comment_status":"closed","ping_status":"closed","template":"","meta":{"footnotes":""},"class_list":["post-134","page","type-page","status-publish","hentry"],"translation":{"provider":"WPGlobus","version":"3.0.2","language":"en","enabled_languages":["de","en"],"languages":{"de":{"title":true,"content":true,"excerpt":false},"en":{"title":false,"content":false,"excerpt":false}}},"_links":{"self":[{"href":"https:\/\/www.angelastoeger.com\/en\/wp-json\/wp\/v2\/pages\/134","targetHints":{"allow":["GET"]}}],"collection":[{"href":"https:\/\/www.angelastoeger.com\/en\/wp-json\/wp\/v2\/pages"}],"about":[{"href":"https:\/\/www.angelastoeger.com\/en\/wp-json\/wp\/v2\/types\/page"}],"author":[{"embeddable":true,"href":"https:\/\/www.angelastoeger.com\/en\/wp-json\/wp\/v2\/users\/1"}],"replies":[{"embeddable":true,"href":"https:\/\/www.angelastoeger.com\/en\/wp-json\/wp\/v2\/comments?post=134"}],"version-history":[{"count":17,"href":"https:\/\/www.angelastoeger.com\/en\/wp-json\/wp\/v2\/pages\/134\/revisions"}],"predecessor-version":[{"id":1102,"href":"https:\/\/www.angelastoeger.com\/en\/wp-json\/wp\/v2\/pages\/134\/revisions\/1102"}],"wp:attachment":[{"href":"https:\/\/www.angelastoeger.com\/en\/wp-json\/wp\/v2\/media?parent=134"}],"curies":[{"name":"wp","href":"https:\/\/api.w.org\/{rel}","templated":true}]}}