{"id":329,"date":"2022-04-25T07:27:29","date_gmt":"2022-04-25T07:27:29","guid":{"rendered":"https:\/\/triplequotient.com\/angelastoeger\/?page_id=329"},"modified":"2023-08-22T18:38:53","modified_gmt":"2023-08-22T18:38:53","slug":"impressum","status":"publish","type":"page","link":"http:\/\/www.angelastoeger.com\/en\/impressum\/","title":{"rendered":"Impressum"},"content":{"rendered":"<p><strong>Informationseigent\u00fcmer:<\/strong><\/p>\n<p>Prof. Dr. Angela St\u00f6ger<\/p>\n<p>Phone: +43-1-4277-77575<\/p>\n<p>Phone: +43-664-8176937<br \/>\nEmail: angela.stoeger-horwath@univie.ac.at<br \/>\nEmail: zoologin@angelastoeger.com<\/p>\n<p>\u00a0<\/p>\n<p style=\"margin: 0cm; margin-bottom: .0001pt;\"><strong>Grafische und technische Konzeption:<\/strong><\/p>\n<p style=\"margin: 0cm; margin-bottom: .0001pt;\">Bina K\u00f6ppl Communications, www.binakoeppl.com<\/p>\n<p style=\"margin: 0cm; margin-bottom: .0001pt;\">Thripthy G. Thomas, Triple-Quotient IT Service <a href=\"http:\/\/www.triplequotient.com\/\">www.triplequotient.com<\/a><\/p>\n<p>\u00a0<\/p>\n<p><strong>Haftung:<\/strong><br \/>\nS\u00e4mtliche Inhalte wurden sorgf\u00e4ltig gepr\u00fcft. Dessen ungeachtet kann keine Garantie f\u00fcr Richtigkeit, Vollst\u00e4ndigkeit und Aktualit\u00e4t der Angaben \u00fcbernommen werden.<\/p>\n<p><strong>Links:<\/strong><br \/>\nLinks auf diese Website sind erw\u00fcnscht, soweit sie als externe Links gef\u00fchrt werden und jeweils ganze Seiten (inkl. Navigationsframe) wiedergegeben werden. Eine \u00dcbernahme des Hauptfensters in einen Frame des Linksetzers ist unzul\u00e4ssig. Eigene Links auf fremde Seiten stellen nur Wegweiser zu diesen Seiten dar; sie werden deshalb regelm\u00e4\u00dfig mittels externem Link in einem eigenen Browserfenster dargestellt. Der Herausgeber identifiziert sich nicht mit dem Inhalt der Seiten, auf die verwiesen wird und \u00fcbernimmt daf\u00fcr keine Haftung. Sollte eine der Seiten, auf die verwiesen wird, bedenkliche Inhalte aufweisen, wird um Mitteilung ersucht; in so einem Falle wird der Link sofort gel\u00f6scht.<\/p>\n<p><strong>Nutzung von Google Analytics:<\/strong><br \/>\nUnsere Homepage benutzt Google Analytics, einen Webanalysedienst von Google. Google Analytics verwendet so genannte Cookies (kleine Textdateien), die auf Ihrem Computer gespeichert werden und die eine Analyse der Benutzung der Website durch Sie erm\u00f6glichen. Die durch die Cookie erzeugten Informationen \u00fcber Ihre Benutzung dieser Homepage (einschlie\u00dflich Ihrer IP-Adresse) werden an einen Server von Google in den USA \u00fcbertragen und dort gespeichert. Google wird diese Informationen benutzen, um Ihre Nutzung der Website auszuwerten, um Reports \u00fcber die Websiteaktivit\u00e4ten f\u00fcr die Homepage-Betreiber zusammenzustellen und um weitere mit der Websitenutzung und der Internetnutzung verbundene Dienstleistungen zu erbringen. Auch wird Google diese Informationen gegebenenfalls an Dritte \u00fcbertragen, sofern dieses gesetzlich vorgeschrieben ist oder soweit Dritte diese Daten im Auftrag von Google verarbeiten. Google wird in keinem Fall Ihre IP-Adresse mit anderen Daten von Google in Verbindung bringen. Sie k\u00f6nnen die Installation der Cookies durch eine entsprechende Einstellung in Ihrer Browser-Software verhindern, wir weisen Sie jedoch darauf hin, dass Sie in diesem Fall gegebenenfalls nicht s\u00e4mtliche Funktionen dieser Website in vollem Umfang nutzen k\u00f6nnen. Durch die Nutzung unserer Homepage erkl\u00e4ren Sie sich mit der Bearbeitung, der \u00fcber Sie erhobenen Daten durch Google, in der zuvor beschriebenen Art und Weise und zu dem zuvor benannten Zweck einverstanden.<\/p>\n","protected":false},"excerpt":{"rendered":"<p>Informationseigent\u00fcmer: Prof. Dr. Angela St\u00f6ger Phone: +43-1-4277-77575 Phone: +43-664-8176937 Email: angela.stoeger-horwath@univie.ac.at Email: zoologin@angelastoeger.com \u00a0 Grafische und technische Konzeption: Bina K\u00f6ppl Communications, www.binakoeppl.com Thripthy G. Thomas, Triple-Quotient IT Service www.triplequotient.com \u00a0 Haftung: S\u00e4mtliche Inhalte wurden sorgf\u00e4ltig gepr\u00fcft. Dessen ungeachtet kann keine Garantie f\u00fcr Richtigkeit, Vollst\u00e4ndigkeit und Aktualit\u00e4t der Angaben \u00fcbernommen werden. Links: Links auf diese Website [&hellip;]<\/p>\n","protected":false},"author":1,"featured_media":0,"parent":0,"menu_order":0,"comment_status":"closed","ping_status":"closed","template":"","meta":{"footnotes":""},"class_list":["post-329","page","type-page","status-publish","hentry"],"translation":{"provider":"WPGlobus","version":"3.0.2","language":"en","enabled_languages":["de","en"],"languages":{"de":{"title":true,"content":true,"excerpt":false},"en":{"title":false,"content":false,"excerpt":false}}},"_links":{"self":[{"href":"http:\/\/www.angelastoeger.com\/en\/wp-json\/wp\/v2\/pages\/329","targetHints":{"allow":["GET"]}}],"collection":[{"href":"http:\/\/www.angelastoeger.com\/en\/wp-json\/wp\/v2\/pages"}],"about":[{"href":"http:\/\/www.angelastoeger.com\/en\/wp-json\/wp\/v2\/types\/page"}],"author":[{"embeddable":true,"href":"http:\/\/www.angelastoeger.com\/en\/wp-json\/wp\/v2\/users\/1"}],"replies":[{"embeddable":true,"href":"http:\/\/www.angelastoeger.com\/en\/wp-json\/wp\/v2\/comments?post=329"}],"version-history":[{"count":11,"href":"http:\/\/www.angelastoeger.com\/en\/wp-json\/wp\/v2\/pages\/329\/revisions"}],"predecessor-version":[{"id":867,"href":"http:\/\/www.angelastoeger.com\/en\/wp-json\/wp\/v2\/pages\/329\/revisions\/867"}],"wp:attachment":[{"href":"http:\/\/www.angelastoeger.com\/en\/wp-json\/wp\/v2\/media?parent=329"}],"curies":[{"name":"wp","href":"https:\/\/api.w.org\/{rel}","templated":true}]}}